{"id":47,"date":"2020-08-16T18:14:01","date_gmt":"2020-08-16T18:14:01","guid":{"rendered":"http:\/\/pvsolarinstal.pl\/?page_id=47"},"modified":"2020-08-26T12:49:58","modified_gmt":"2020-08-26T12:49:58","slug":"dofinansowanie","status":"publish","type":"page","link":"https:\/\/pvsolarinstal.pl\/index.php\/dofinansowanie\/","title":{"rendered":"Dofinansowanie"},"content":{"rendered":"<p>[et_pb_section fb_built=&#8221;1&#8243; _builder_version=&#8221;4.5.7&#8243; _module_preset=&#8221;default&#8221; background_image=&#8221;http:\/\/pvsolarinstal.pl\/wp-content\/uploads\/2020\/08\/bg-1.jpg&#8221;][et_pb_row _builder_version=&#8221;4.5.7&#8243; _module_preset=&#8221;default&#8221; module_alignment=&#8221;center&#8221;][et_pb_column type=&#8221;4_4&#8243; _builder_version=&#8221;4.5.1&#8243; _module_preset=&#8221;default&#8221;][et_pb_text _builder_version=&#8221;4.5.7&#8243; _module_preset=&#8221;default&#8221; text_text_color=&#8221;#ffffff&#8221; header_font=&#8221;|700|||||||&#8221; header_text_align=&#8221;center&#8221; header_text_color=&#8221;#ffffff&#8221; header_font_size=&#8221;53px&#8221; background_color=&#8221;rgba(0,64,99,0.76)&#8221; text_orientation=&#8221;center&#8221; width=&#8221;55%&#8221; width_tablet=&#8221;68%&#8221; width_phone=&#8221;&#8221; width_last_edited=&#8221;on|phone&#8221; module_alignment=&#8221;center&#8221; custom_margin_tablet=&#8221;|0px|||false|false&#8221; custom_margin_phone=&#8221;&#8221; custom_margin_last_edited=&#8221;on|phone&#8221; custom_padding=&#8221;14px||14px||false|false&#8221; custom_padding_tablet=&#8221;&#8221; custom_padding_phone=&#8221;&#8221; custom_padding_last_edited=&#8221;on|desktop&#8221; header_text_align_tablet=&#8221;center&#8221; header_text_align_phone=&#8221;&#8221; header_text_align_last_edited=&#8221;on|desktop&#8221; header_font_size_tablet=&#8221;&#8221; header_font_size_phone=&#8221;38px&#8221; header_font_size_last_edited=&#8221;on|phone&#8221;]<\/p>\n<h1>Dofinansowanie<\/h1>\n<p>[\/et_pb_text][\/et_pb_column][\/et_pb_row][\/et_pb_section][et_pb_section fb_built=&#8221;1&#8243; _builder_version=&#8221;4.5.1&#8243; _module_preset=&#8221;default&#8221; use_background_color_gradient=&#8221;on&#8221; background_color_gradient_start=&#8221;#f8de7f&#8221; background_color_gradient_end=&#8221;#7a5617&#8243; custom_padding=&#8221;||8px|||&#8221;][et_pb_row column_structure=&#8221;1_2,1_2&#8243; _builder_version=&#8221;4.5.1&#8243; _module_preset=&#8221;default&#8221;][et_pb_column type=&#8221;1_2&#8243; _builder_version=&#8221;4.5.1&#8243; _module_preset=&#8221;default&#8221;][et_pb_text _builder_version=&#8221;4.5.7&#8243; _module_preset=&#8221;default&#8221; text_text_color=&#8221;#ffffff&#8221;]<\/p>\n<p><span size=\"3\" style=\"font-size: medium;\">Dotacja M\u00f3j Pr\u0105d\u00a0jest finansowanym przez Skarb Pa\u0144stwa rz\u0105dowym programem dop\u0142aty do monta\u017cu instalacji fotowoltaicznych. Program skierowany jest do os\u00f3b fizycznych wytwarzaj\u0105cych energi\u0119 elektryczn\u0105 na w\u0142asne potrzeby, kt\u00f3re maj\u0105 zawart\u0105 umow\u0119 kompleksow\u0105 (z Operatorem Sieci Dystrybucyjnej \u2013 OSD, zak\u0142adem energetycznym) reguluj\u0105c\u0105 kwestie zwi\u0105zane z&nbsp;wprowadzeniem do sieci energii elektrycznej wytworzonej w mikroinstalacji.<\/span><\/p>\n<p>[\/et_pb_text][\/et_pb_column][et_pb_column type=&#8221;1_2&#8243; _builder_version=&#8221;4.5.1&#8243; _module_preset=&#8221;default&#8221;][et_pb_text _builder_version=&#8221;4.5.7&#8243; _module_preset=&#8221;default&#8221; text_text_color=&#8221;#ffffff&#8221;]<\/p>\n<p><span size=\"3\" style=\"font-size: medium;\">Projekt dofinansowania pojedynczej instalacji fotowoltaicznej zak\u0142ada zwrot maksymalnie 50% koszt\u00f3w inwestycji, maksymalnie 5000 z\u0142 na inwestycj\u0119. \u00a0Dop\u0142ata dotyczy instalacji o mocach w przedziale 2-10 kW. Celem programu jest zwi\u0119kszenie liczby instalacji system\u00f3w fotowoltaicznych w Polsce oraz realizacja procedur i zobowi\u0105za\u0144 klimatycznych. II nab\u00f3r wniosk\u00f3w trwa <strong>od 13 stycznia 2020 roku do 18 grudnia 2020 roku<\/strong> lub do wyczerpania alokacji \u015brodk\u00f3w<\/span><\/p>\n<p>[\/et_pb_text][\/et_pb_column][\/et_pb_row][et_pb_row _builder_version=&#8221;4.5.7&#8243; _module_preset=&#8221;default&#8221;][et_pb_column type=&#8221;4_4&#8243; _builder_version=&#8221;4.5.7&#8243; _module_preset=&#8221;default&#8221;][et_pb_button button_url=&#8221;https:\/\/mojprad.gov.pl\/&#8221; url_new_window=&#8221;on&#8221; button_text=&#8221;mojprad.gov.pl&#8221; button_alignment=&#8221;center&#8221; _builder_version=&#8221;4.5.7&#8243; _module_preset=&#8221;default&#8221; button_text_color=&#8221;#ffffff&#8221; button_bg_color=&#8221;#000000&#8243; button_border_width=&#8221;0px&#8221;][\/et_pb_button][\/et_pb_column][\/et_pb_row][\/et_pb_section][et_pb_section fb_built=&#8221;1&#8243; _builder_version=&#8221;4.5.1&#8243; _module_preset=&#8221;default&#8221; custom_padding=&#8221;118px|||||&#8221; top_divider_style=&#8221;curve2&#8243; top_divider_color=&#8221;#7a5617&#8243;][et_pb_row column_structure=&#8221;1_2,1_2&#8243; use_custom_gutter=&#8221;on&#8221; gutter_width=&#8221;2&#8243; _builder_version=&#8221;4.5.7&#8243; _module_preset=&#8221;default&#8221;][et_pb_column type=&#8221;1_2&#8243; _builder_version=&#8221;4.5.1&#8243; _module_preset=&#8221;default&#8221;][et_pb_text _builder_version=&#8221;4.5.7&#8243; _module_preset=&#8221;default&#8221; text_text_color=&#8221;#000000&#8243;]<\/p>\n<h2><strong>Ulga termomodernizacyjna<\/strong><\/h2>\n<p>W ramach ulgi termomodernizacyjnej odliczeniu podlegaj\u0105 wydatki m.in. na zakup instalacji fotowoltaicznej wraz z monta\u017cem. Ustawodawca wprowadzi\u0142 kilka warunk\u00f3w, kt\u00f3re decyduj\u0105 o tym, czy podatnik ma prawo do odliczenia &#8211; jednym z nich jest konieczno\u015b\u0107 bycia w\u0142a\u015bcicielem lub wsp\u00f3\u0142w\u0142a\u015bcicielem budynku mieszkalnego jednorodzinnego.[\/et_pb_text][\/et_pb_column][et_pb_column type=&#8221;1_2&#8243; _builder_version=&#8221;4.5.7&#8243; _module_preset=&#8221;default&#8221;][et_pb_button button_url=&#8221;https:\/\/ksiegowosc.infor.pl\/podatki\/pit\/pit\/ulgi-odliczenia\/3643849,Ulga-termomodernizacyjna-koszty-zakupu-i-montazu-instalacji-fotowoltaicznej.html&#8221; url_new_window=&#8221;on&#8221; button_text=&#8221;Ulga termomodernizacyjna&#8221; _builder_version=&#8221;4.5.7&#8243; _module_preset=&#8221;default&#8221; button_text_color=&#8221;#ffffff&#8221; button_bg_color=&#8221;#000000&#8243; button_border_width=&#8221;0px&#8221; hover_enabled=&#8221;0&#8243; button_alignment=&#8221;center&#8221;][\/et_pb_button][\/et_pb_column][\/et_pb_row][\/et_pb_section]<\/p>\n","protected":false},"excerpt":{"rendered":"<p>[et_pb_section fb_built=&#8221;1&#8243; _builder_version=&#8221;4.5.7&#8243; _module_preset=&#8221;default&#8221; background_image=&#8221;http:\/\/pvsolarinstal.pl\/wp-content\/uploads\/2020\/08\/bg-1.jpg&#8221;][et_pb_row _builder_version=&#8221;4.5.7&#8243; _module_preset=&#8221;default&#8221; module_alignment=&#8221;center&#8221;][et_pb_column type=&#8221;4_4&#8243; _builder_version=&#8221;4.5.1&#8243; _module_preset=&#8221;default&#8221;][et_pb_text _builder_version=&#8221;4.5.7&#8243; _module_preset=&#8221;default&#8221; text_text_color=&#8221;#ffffff&#8221; header_font=&#8221;|700|||||||&#8221; header_text_align=&#8221;center&#8221; header_text_color=&#8221;#ffffff&#8221; header_font_size=&#8221;53px&#8221; background_color=&#8221;rgba(0,64,99,0.76)&#8221; text_orientation=&#8221;center&#8221; width=&#8221;55%&#8221; width_tablet=&#8221;68%&#8221; width_phone=&#8221;&#8221; width_last_edited=&#8221;on|phone&#8221; module_alignment=&#8221;center&#8221; custom_margin_tablet=&#8221;|0px|||false|false&#8221; custom_margin_phone=&#8221;&#8221; custom_margin_last_edited=&#8221;on|phone&#8221; custom_padding=&#8221;14px||14px||false|false&#8221; custom_padding_tablet=&#8221;&#8221; custom_padding_phone=&#8221;&#8221; custom_padding_last_edited=&#8221;on|desktop&#8221; header_text_align_tablet=&#8221;center&#8221; header_text_align_phone=&#8221;&#8221; header_text_align_last_edited=&#8221;on|desktop&#8221; header_font_size_tablet=&#8221;&#8221; header_font_size_phone=&#8221;38px&#8221; header_font_size_last_edited=&#8221;on|phone&#8221;] Dofinansowanie [\/et_pb_text][\/et_pb_column][\/et_pb_row][\/et_pb_section][et_pb_section fb_built=&#8221;1&#8243; _builder_version=&#8221;4.5.1&#8243; _module_preset=&#8221;default&#8221; use_background_color_gradient=&#8221;on&#8221; background_color_gradient_start=&#8221;#f8de7f&#8221; background_color_gradient_end=&#8221;#7a5617&#8243; custom_padding=&#8221;||8px|||&#8221;][et_pb_row column_structure=&#8221;1_2,1_2&#8243; _builder_version=&#8221;4.5.1&#8243; _module_preset=&#8221;default&#8221;][et_pb_column type=&#8221;1_2&#8243; _builder_version=&#8221;4.5.1&#8243; _module_preset=&#8221;default&#8221;][et_pb_text _builder_version=&#8221;4.5.7&#8243; _module_preset=&#8221;default&#8221; [&hellip;]<\/p>\n","protected":false},"author":1,"featured_media":0,"parent":0,"menu_order":3,"comment_status":"closed","ping_status":"closed","template":"","meta":{"_et_pb_use_builder":"on","_et_pb_old_content":"<!-- wp:divi\/placeholder \/-->","_et_gb_content_width":""},"_links":{"self":[{"href":"https:\/\/pvsolarinstal.pl\/index.php\/wp-json\/wp\/v2\/pages\/47"}],"collection":[{"href":"https:\/\/pvsolarinstal.pl\/index.php\/wp-json\/wp\/v2\/pages"}],"about":[{"href":"https:\/\/pvsolarinstal.pl\/index.php\/wp-json\/wp\/v2\/types\/page"}],"author":[{"embeddable":true,"href":"https:\/\/pvsolarinstal.pl\/index.php\/wp-json\/wp\/v2\/users\/1"}],"replies":[{"embeddable":true,"href":"https:\/\/pvsolarinstal.pl\/index.php\/wp-json\/wp\/v2\/comments?post=47"}],"version-history":[{"count":5,"href":"https:\/\/pvsolarinstal.pl\/index.php\/wp-json\/wp\/v2\/pages\/47\/revisions"}],"predecessor-version":[{"id":95,"href":"https:\/\/pvsolarinstal.pl\/index.php\/wp-json\/wp\/v2\/pages\/47\/revisions\/95"}],"wp:attachment":[{"href":"https:\/\/pvsolarinstal.pl\/index.php\/wp-json\/wp\/v2\/media?parent=47"}],"curies":[{"name":"wp","href":"https:\/\/api.w.org\/{rel}","templated":true}]}}