{"id":45,"date":"2020-08-16T18:13:39","date_gmt":"2020-08-16T18:13:39","guid":{"rendered":"http:\/\/pvsolarinstal.pl\/?page_id=45"},"modified":"2020-08-25T10:26:22","modified_gmt":"2020-08-25T10:26:22","slug":"oferta","status":"publish","type":"page","link":"https:\/\/pvsolarinstal.pl\/index.php\/oferta\/","title":{"rendered":"Oferta"},"content":{"rendered":"<p>[et_pb_section fb_built=&#8221;1&#8243; _builder_version=&#8221;4.5.7&#8243; _module_preset=&#8221;default&#8221; background_image=&#8221;http:\/\/pvsolarinstal.pl\/wp-content\/uploads\/2020\/08\/bg-1.jpg&#8221;][et_pb_row _builder_version=&#8221;4.5.7&#8243; _module_preset=&#8221;default&#8221; module_alignment=&#8221;center&#8221;][et_pb_column type=&#8221;4_4&#8243; _builder_version=&#8221;4.5.1&#8243; _module_preset=&#8221;default&#8221;][et_pb_text _builder_version=&#8221;4.5.7&#8243; _module_preset=&#8221;default&#8221; text_text_color=&#8221;#ffffff&#8221; header_font=&#8221;|700|||||||&#8221; header_text_align=&#8221;center&#8221; header_text_color=&#8221;#ffffff&#8221; header_font_size=&#8221;53px&#8221; background_color=&#8221;rgba(0,64,99,0.76)&#8221; text_orientation=&#8221;center&#8221; width=&#8221;42%&#8221; width_tablet=&#8221;68%&#8221; width_phone=&#8221;&#8221; width_last_edited=&#8221;on|phone&#8221; module_alignment=&#8221;center&#8221; custom_margin_tablet=&#8221;|0px|||false|false&#8221; custom_margin_phone=&#8221;&#8221; custom_margin_last_edited=&#8221;on|phone&#8221; custom_padding=&#8221;14px||14px||false|false&#8221; custom_padding_tablet=&#8221;&#8221; custom_padding_phone=&#8221;&#8221; custom_padding_last_edited=&#8221;on|desktop&#8221; hover_enabled=&#8221;0&#8243; header_text_align_tablet=&#8221;center&#8221; header_text_align_phone=&#8221;&#8221; header_text_align_last_edited=&#8221;on|desktop&#8221; header_font_size_tablet=&#8221;&#8221; header_font_size_phone=&#8221;38px&#8221; header_font_size_last_edited=&#8221;on|phone&#8221;]<\/p>\n<h1>Oferta<\/h1>\n<p>[\/et_pb_text][\/et_pb_column][\/et_pb_row][\/et_pb_section][et_pb_section fb_built=&#8221;1&#8243; _builder_version=&#8221;4.5.1&#8243; _module_preset=&#8221;default&#8221; use_background_color_gradient=&#8221;on&#8221; background_color_gradient_start=&#8221;#f8de7f&#8221; background_color_gradient_end=&#8221;#7a5617&#8243; custom_padding=&#8221;||8px|||&#8221;][et_pb_row column_structure=&#8221;1_2,1_2&#8243; _builder_version=&#8221;4.5.1&#8243; _module_preset=&#8221;default&#8221;][et_pb_column type=&#8221;1_2&#8243; _builder_version=&#8221;4.5.1&#8243; _module_preset=&#8221;default&#8221;][et_pb_text _builder_version=&#8221;4.5.7&#8243; _module_preset=&#8221;default&#8221; text_text_color=&#8221;#ffffff&#8221;]<\/p>\n<p><span size=\"3\" style=\"font-size: medium;\">Zajmujemy si\u0119 dystrybucj\u0105 i monta\u017cem modu\u0142\u00f3w fotowoltaicznych kieruj\u0105c swoj\u0105 ofert\u0119 zar\u00f3wno do os\u00f3b fizycznych jak i przedsi\u0119biorc\u00f3w. Dzi\u0119ki zastosowaniu instalacji fotowoltaicznej mo\u017cliwe jest pozyskiwanie energii z promieniowania s\u0142onecznego przez ca\u0142y rok i poprzez przekierowanie jej do sieci energetycznej, przetwarzanie na pr\u0105d sta\u0142y zasilaj\u0105cy wszystkie urz\u0105dzenia w naszym gospodarstwie domowym, czy przedsi\u0119biorstwie (ka\u017cdej wielko\u015bci).<\/span><\/p>\n<p>[\/et_pb_text][\/et_pb_column][et_pb_column type=&#8221;1_2&#8243; _builder_version=&#8221;4.5.1&#8243; _module_preset=&#8221;default&#8221;][et_pb_text _builder_version=&#8221;4.5.7&#8243; _module_preset=&#8221;default&#8221; text_text_color=&#8221;#ffffff&#8221;]<\/p>\n<p><span size=\"3\" style=\"font-size: medium;\">Inwestycja w systemy fotowoltaiczne jest inwestycj\u0105 w bezpieczn\u0105 i ci\u0105gle si\u0119 rozwijaj\u0105c\u0105, najnowocze\u015bniejsz\u0105 technologi\u0119 odnawialnych \u017ar\u00f3de\u0142 energii. W dzia\u0142aniu d\u0142ugofalowym, pozwala ona na uniezale\u017cnienie si\u0119 od rosn\u0105cych stale cen energii elektrycznej.<\/span><\/p>\n<p>[\/et_pb_text][\/et_pb_column][\/et_pb_row][\/et_pb_section][et_pb_section fb_built=&#8221;1&#8243; _builder_version=&#8221;4.5.1&#8243; _module_preset=&#8221;default&#8221; custom_padding=&#8221;118px|||||&#8221; top_divider_style=&#8221;curve2&#8243; top_divider_color=&#8221;#7a5617&#8243;][et_pb_row column_structure=&#8221;1_2,1_2&#8243; _builder_version=&#8221;4.5.7&#8243; _module_preset=&#8221;default&#8221; hover_enabled=&#8221;0&#8243; use_custom_gutter=&#8221;on&#8221; gutter_width=&#8221;2&#8243;][et_pb_column type=&#8221;1_2&#8243; _builder_version=&#8221;4.5.1&#8243; _module_preset=&#8221;default&#8221;][et_pb_text _builder_version=&#8221;4.5.7&#8243; _module_preset=&#8221;default&#8221; text_text_color=&#8221;#000000&#8243; hover_enabled=&#8221;0&#8243;]<\/p>\n<h2><strong>Za co p\u0142ac\u0119?<\/strong><\/h2>\n<p><\/br><br \/>\n<span size=\"3\" style=\"font-size: medium;\">Cena kompletnej instalacji fotowoltaicznej obejmuje wszystkie elementy niezb\u0119dne do jej prawid\u0142owego i bezpiecznego funkcjonowania, m.in.:<\/br><\/span><\/p>\n<ul>\n<li><span size=\"3\" style=\"font-size: medium;\">analiz\u0119 zu\u017cycia energii elektrycznej i oszacowanie zapotrzebowania,<\/span><\/li>\n<li><span size=\"3\" style=\"font-size: medium;\">panele fotowoltaiczne<\/span><\/li>\n<li><span size=\"3\" style=\"font-size: medium;\">inwerter<\/span><\/li>\n<li><span size=\"3\" style=\"font-size: medium;\">systemy mocuj\u0105ce<\/span><\/li>\n<li><span size=\"3\" style=\"font-size: medium;\">wy\u0142\u0105cznik DC<\/span><\/li>\n<li><span size=\"3\" style=\"font-size: medium;\">wy\u0142\u0105cznik AC<\/span><\/li>\n<li><span size=\"3\" style=\"font-size: medium;\">kabel<\/span><\/li>\n<li><span size=\"3\" style=\"font-size: medium;\">konektory MC4<\/span><\/li>\n<li><span size=\"3\" style=\"font-size: medium;\">konstrukcj\u0119 monta\u017cow\u0105<\/span><\/li>\n<li><span size=\"3\" style=\"font-size: medium;\">monta\u017c przez wyspecjalizowan\u0105 ekip\u0119 instalacyjn\u0105<\/span><\/li>\n<li><span size=\"3\" style=\"font-size: medium;\">uruchomienie instalacji i serwis pomonta\u017cowy,<\/span><\/li>\n<li><span size=\"3\" style=\"font-size: medium;\">instrukcja i pomoc w uzyskaniu przys\u0142uguj\u0105cych dotacji (\u201eM\u00f3j pr\u0105d\u201d, ulga termomodernizacyjna)<\/span><\/li>\n<\/ul>\n<p>[\/et_pb_text][et_pb_blurb _builder_version=&#8221;4.5.7&#8243; _module_preset=&#8221;default&#8221; use_icon=&#8221;on&#8221; font_icon=&#8221;%%222%%&#8221; background_color=&#8221;#000000&#8243; background_layout=&#8221;dark&#8221; custom_padding=&#8221;0px|30px|30px|30px|false|true&#8221; icon_color=&#8221;#e0b300&#8243; use_circle=&#8221;on&#8221; circle_color=&#8221;#ffffff&#8221; use_circle_border=&#8221;on&#8221; use_icon_font_size=&#8221;on&#8221; icon_font_size=&#8221;66px&#8221; module_alignment=&#8221;center&#8221; max_width=&#8221;80%&#8221; custom_css_blurb_image=&#8221;margin-top: -60px;&#8221; custom_margin=&#8221;103px||||false|false&#8221; circle_border_color=&#8221;#000000&#8243; hover_enabled=&#8221;0&#8243;]<\/p>\n<p>Fachowe porady na etapie konsultacji s\u0105 bezp\u0142atne, a wywiad z inwestorem jest podstaw\u0105 dalszego audytu i dobrania odpowiedniego systemu fotowoltaicznego, kt\u00f3ry w pe\u0142ni b\u0119dzie odpowiada\u0142 potrzebo klienta. Szczeg\u00f3lnie wa\u017cne s\u0105 dla nas mo\u017cliwo\u015bci oraz ograniczenia techniczne istniej\u0105cej instalacji, poniewa\u017c jest ona podstaw\u0105 do d\u0142ugoletniej i bezawaryjnej pracy ca\u0142ego systemu.<\/p>\n<p>[\/et_pb_blurb][\/et_pb_column][et_pb_column type=&#8221;1_2&#8243; _builder_version=&#8221;4.5.7&#8243; _module_preset=&#8221;default&#8221; hover_enabled=&#8221;0&#8243;][et_pb_gallery _builder_version=&#8221;4.5.7&#8243; _module_preset=&#8221;default&#8221; gallery_ids=&#8221;76,77,78,79,80,81,82,83,84&#8243; posts_number=&#8221;20&#8243; show_title_and_caption=&#8221;off&#8221; show_pagination=&#8221;off&#8221; hover_enabled=&#8221;0&#8243;][\/et_pb_gallery][\/et_pb_column][\/et_pb_row][\/et_pb_section]<\/p>\n","protected":false},"excerpt":{"rendered":"<p>[et_pb_section fb_built=&#8221;1&#8243; _builder_version=&#8221;4.5.7&#8243; _module_preset=&#8221;default&#8221; background_image=&#8221;http:\/\/pvsolarinstal.pl\/wp-content\/uploads\/2020\/08\/bg-1.jpg&#8221;][et_pb_row _builder_version=&#8221;4.5.7&#8243; _module_preset=&#8221;default&#8221; module_alignment=&#8221;center&#8221;][et_pb_column type=&#8221;4_4&#8243; _builder_version=&#8221;4.5.1&#8243; _module_preset=&#8221;default&#8221;][et_pb_text _builder_version=&#8221;4.5.7&#8243; _module_preset=&#8221;default&#8221; text_text_color=&#8221;#ffffff&#8221; header_font=&#8221;|700|||||||&#8221; header_text_align=&#8221;center&#8221; header_text_color=&#8221;#ffffff&#8221; header_font_size=&#8221;53px&#8221; background_color=&#8221;rgba(0,64,99,0.76)&#8221; text_orientation=&#8221;center&#8221; width=&#8221;42%&#8221; width_tablet=&#8221;68%&#8221; width_phone=&#8221;&#8221; width_last_edited=&#8221;on|phone&#8221; module_alignment=&#8221;center&#8221; custom_margin_tablet=&#8221;|0px|||false|false&#8221; custom_margin_phone=&#8221;&#8221; custom_margin_last_edited=&#8221;on|phone&#8221; custom_padding=&#8221;14px||14px||false|false&#8221; custom_padding_tablet=&#8221;&#8221; custom_padding_phone=&#8221;&#8221; custom_padding_last_edited=&#8221;on|desktop&#8221; hover_enabled=&#8221;0&#8243; header_text_align_tablet=&#8221;center&#8221; header_text_align_phone=&#8221;&#8221; header_text_align_last_edited=&#8221;on|desktop&#8221; header_font_size_tablet=&#8221;&#8221; header_font_size_phone=&#8221;38px&#8221; header_font_size_last_edited=&#8221;on|phone&#8221;] Oferta [\/et_pb_text][\/et_pb_column][\/et_pb_row][\/et_pb_section][et_pb_section fb_built=&#8221;1&#8243; _builder_version=&#8221;4.5.1&#8243; _module_preset=&#8221;default&#8221; use_background_color_gradient=&#8221;on&#8221; background_color_gradient_start=&#8221;#f8de7f&#8221; background_color_gradient_end=&#8221;#7a5617&#8243; custom_padding=&#8221;||8px|||&#8221;][et_pb_row column_structure=&#8221;1_2,1_2&#8243; _builder_version=&#8221;4.5.1&#8243; _module_preset=&#8221;default&#8221;][et_pb_column type=&#8221;1_2&#8243; _builder_version=&#8221;4.5.1&#8243; _module_preset=&#8221;default&#8221;][et_pb_text _builder_version=&#8221;4.5.7&#8243; [&hellip;]<\/p>\n","protected":false},"author":1,"featured_media":0,"parent":0,"menu_order":2,"comment_status":"closed","ping_status":"closed","template":"","meta":{"_et_pb_use_builder":"on","_et_pb_old_content":"<!-- wp:divi\/placeholder \/-->","_et_gb_content_width":""},"_links":{"self":[{"href":"https:\/\/pvsolarinstal.pl\/index.php\/wp-json\/wp\/v2\/pages\/45"}],"collection":[{"href":"https:\/\/pvsolarinstal.pl\/index.php\/wp-json\/wp\/v2\/pages"}],"about":[{"href":"https:\/\/pvsolarinstal.pl\/index.php\/wp-json\/wp\/v2\/types\/page"}],"author":[{"embeddable":true,"href":"https:\/\/pvsolarinstal.pl\/index.php\/wp-json\/wp\/v2\/users\/1"}],"replies":[{"embeddable":true,"href":"https:\/\/pvsolarinstal.pl\/index.php\/wp-json\/wp\/v2\/comments?post=45"}],"version-history":[{"count":4,"href":"https:\/\/pvsolarinstal.pl\/index.php\/wp-json\/wp\/v2\/pages\/45\/revisions"}],"predecessor-version":[{"id":87,"href":"https:\/\/pvsolarinstal.pl\/index.php\/wp-json\/wp\/v2\/pages\/45\/revisions\/87"}],"wp:attachment":[{"href":"https:\/\/pvsolarinstal.pl\/index.php\/wp-json\/wp\/v2\/media?parent=45"}],"curies":[{"name":"wp","href":"https:\/\/api.w.org\/{rel}","templated":true}]}}