{"id":43,"date":"2020-08-16T18:12:13","date_gmt":"2020-08-16T18:12:13","guid":{"rendered":"http:\/\/pvsolarinstal.pl\/?page_id=43"},"modified":"2020-08-24T08:07:32","modified_gmt":"2020-08-24T08:07:32","slug":"o-nas","status":"publish","type":"page","link":"https:\/\/pvsolarinstal.pl\/index.php\/o-nas\/","title":{"rendered":"O nas"},"content":{"rendered":"<p>[et_pb_section fb_built=&#8221;1&#8243; _builder_version=&#8221;4.5.7&#8243; _module_preset=&#8221;default&#8221; title_text=&#8221;bg-1&#8243; background_image=&#8221;http:\/\/pvsolarinstal.pl\/wp-content\/uploads\/2020\/08\/bg-1.jpg&#8221; hover_enabled=&#8221;0&#8243;][et_pb_row _builder_version=&#8221;4.5.7&#8243; _module_preset=&#8221;default&#8221; hover_enabled=&#8221;0&#8243; module_alignment=&#8221;center&#8221;][et_pb_column type=&#8221;4_4&#8243; _builder_version=&#8221;4.5.1&#8243; _module_preset=&#8221;default&#8221;][et_pb_text _builder_version=&#8221;4.5.7&#8243; _module_preset=&#8221;default&#8221; text_text_color=&#8221;#ffffff&#8221; header_font=&#8221;|700|||||||&#8221; header_text_align=&#8221;center&#8221; header_text_color=&#8221;#ffffff&#8221; header_font_size=&#8221;53px&#8221; background_color=&#8221;rgba(0,64,99,0.76)&#8221; custom_margin_tablet=&#8221;|0px|||false|false&#8221; custom_margin_phone=&#8221;&#8221; custom_margin_last_edited=&#8221;on|phone&#8221; custom_padding_tablet=&#8221;&#8221; custom_padding_phone=&#8221;&#8221; custom_padding_last_edited=&#8221;on|desktop&#8221; hover_enabled=&#8221;0&#8243; header_text_align_tablet=&#8221;center&#8221; header_text_align_phone=&#8221;&#8221; header_text_align_last_edited=&#8221;on|desktop&#8221; header_font_size_tablet=&#8221;&#8221; header_font_size_phone=&#8221;38px&#8221; header_font_size_last_edited=&#8221;on|phone&#8221; module_alignment=&#8221;center&#8221; text_orientation=&#8221;center&#8221; width_last_edited=&#8221;on|phone&#8221; width=&#8221;42%&#8221; width_tablet=&#8221;68%&#8221; custom_padding=&#8221;14px||14px||false|false&#8221;]<\/p>\n<h1>O nas<\/h1>\n<p>[\/et_pb_text][\/et_pb_column][\/et_pb_row][\/et_pb_section][et_pb_section fb_built=&#8221;1&#8243; _builder_version=&#8221;4.5.1&#8243; _module_preset=&#8221;default&#8221; use_background_color_gradient=&#8221;on&#8221; background_color_gradient_start=&#8221;#f8de7f&#8221; background_color_gradient_end=&#8221;#7a5617&#8243; custom_padding=&#8221;||8px|||&#8221;][et_pb_row _builder_version=&#8221;4.5.1&#8243; _module_preset=&#8221;default&#8221;][et_pb_column type=&#8221;4_4&#8243; _builder_version=&#8221;4.5.1&#8243; _module_preset=&#8221;default&#8221;][et_pb_text _builder_version=&#8221;4.5.1&#8243; _module_preset=&#8221;default&#8221; header_font=&#8221;|700|||||||&#8221; header_text_color=&#8221;#ffffff&#8221;]<\/p>\n<h1 style=\"text-align: center;\">PV SOLAR INSTAL &#8211; FOTOWOLTAIKA<\/h1>\n<p>[\/et_pb_text][\/et_pb_column][\/et_pb_row][et_pb_row column_structure=&#8221;2_5,3_5&#8243; _builder_version=&#8221;4.5.1&#8243; _module_preset=&#8221;default&#8221;][et_pb_column type=&#8221;2_5&#8243; _builder_version=&#8221;4.5.1&#8243; _module_preset=&#8221;default&#8221;][et_pb_image src=&#8221;http:\/\/pvsolarinstal.pl\/wp-content\/uploads\/2020\/08\/logo-whole-wh.png&#8221; _builder_version=&#8221;4.5.7&#8243; _module_preset=&#8221;default&#8221; title_text=&#8221;logo-whole-wh&#8221; alt=&#8221;PV Solar Instal&#8221; hover_enabled=&#8221;0&#8243; align=&#8221;right&#8221; width=&#8221;36%&#8221;][\/et_pb_image][\/et_pb_column][et_pb_column type=&#8221;3_5&#8243; _builder_version=&#8221;4.5.1&#8243; _module_preset=&#8221;default&#8221;][et_pb_text _builder_version=&#8221;4.5.7&#8243; _module_preset=&#8221;default&#8221; text_text_color=&#8221;#ffffff&#8221; hover_enabled=&#8221;0&#8243;]<\/p>\n<p><span size=\"3\" style=\"font-size: medium;\">Jeste\u015bmy niewielk\u0105 firm\u0105 zajmuj\u0105c\u0105 si\u0119 instalacjami fotowoltaicznymi od A do Z. Analizuj\u0105c zu\u017cycie bie\u017c\u0105ce energii i koszty planujemy optymaln\u0105 moc instalacji i dobieramy odpowiednie komponenty. Samodzielne wykonujemy r\u00f3wnie\u017c monta\u017ce, nie korzystamy z podwykonawc\u00f3w, a co za tym idzie bierzemy pe\u0142n\u0105 odpowiedzialno\u015b\u0107 za wykonan\u0105 prac\u0119 i niezawodno\u015b\u0107 jej dzia\u0142ania.<\/span><\/p>\n<p>[\/et_pb_text][\/et_pb_column][\/et_pb_row][\/et_pb_section][et_pb_section fb_built=&#8221;1&#8243; _builder_version=&#8221;4.5.1&#8243; _module_preset=&#8221;default&#8221; custom_padding=&#8221;118px|||||&#8221; top_divider_style=&#8221;curve2&#8243; top_divider_color=&#8221;#7a5617&#8243;][et_pb_row _builder_version=&#8221;4.5.1&#8243; _module_preset=&#8221;default&#8221; column_structure=&#8221;1_2,1_2&#8243;][et_pb_column type=&#8221;1_2&#8243; _builder_version=&#8221;4.5.1&#8243; _module_preset=&#8221;default&#8221;][et_pb_text _builder_version=&#8221;4.5.7&#8243; _module_preset=&#8221;default&#8221; text_text_color=&#8221;#000000&#8243; hover_enabled=&#8221;0&#8243;]<\/p>\n<p><span size=\"3\" style=\"font-size: medium;\">Pocz\u0105tkowo zajmowali\u015bmy si\u0119 po\u015brednictwem w sprzeda\u017cy energii elektrycznej, jednak sytuacja na rynku zmotywowa\u0142a nas do zmiany kwalifikacji naszych dzia\u0142a\u0144 i skoncentrowania si\u0119 nie tylko na popularyzacji rozwi\u0105za\u0144 z zakresu odnawialnych \u017ar\u00f3de\u0142 energii, ale te\u017c dawaniu przedsi\u0119biorcom i odbiorcom indywidualnym mo\u017cliwo\u015bci zaoszcz\u0119dzenia \u015brodk\u00f3w finansowych.<\/span><\/p>\n<p>[\/et_pb_text][\/et_pb_column][et_pb_column type=&#8221;1_2&#8243; _builder_version=&#8221;4.5.1&#8243; _module_preset=&#8221;default&#8221;][et_pb_image src=&#8221;http:\/\/pvsolarinstal.pl\/wp-content\/uploads\/2020\/08\/pv_solar_instal_o_nas-1.jpg&#8221; _builder_version=&#8221;4.5.7&#8243; _module_preset=&#8221;default&#8221; title_text=&#8221;pv_solar_instal_o_nas-1&#8243; hover_enabled=&#8221;0&#8243;][\/et_pb_image][\/et_pb_column][\/et_pb_row][\/et_pb_section]<\/p>\n","protected":false},"excerpt":{"rendered":"<p>[et_pb_section fb_built=&#8221;1&#8243; _builder_version=&#8221;4.5.7&#8243; _module_preset=&#8221;default&#8221; title_text=&#8221;bg-1&#8243; background_image=&#8221;http:\/\/pvsolarinstal.pl\/wp-content\/uploads\/2020\/08\/bg-1.jpg&#8221; hover_enabled=&#8221;0&#8243;][et_pb_row _builder_version=&#8221;4.5.7&#8243; _module_preset=&#8221;default&#8221; hover_enabled=&#8221;0&#8243; module_alignment=&#8221;center&#8221;][et_pb_column type=&#8221;4_4&#8243; _builder_version=&#8221;4.5.1&#8243; _module_preset=&#8221;default&#8221;][et_pb_text _builder_version=&#8221;4.5.7&#8243; _module_preset=&#8221;default&#8221; text_text_color=&#8221;#ffffff&#8221; header_font=&#8221;|700|||||||&#8221; header_text_align=&#8221;center&#8221; header_text_color=&#8221;#ffffff&#8221; header_font_size=&#8221;53px&#8221; background_color=&#8221;rgba(0,64,99,0.76)&#8221; custom_margin_tablet=&#8221;|0px|||false|false&#8221; custom_margin_phone=&#8221;&#8221; custom_margin_last_edited=&#8221;on|phone&#8221; custom_padding_tablet=&#8221;&#8221; custom_padding_phone=&#8221;&#8221; custom_padding_last_edited=&#8221;on|desktop&#8221; hover_enabled=&#8221;0&#8243; header_text_align_tablet=&#8221;center&#8221; header_text_align_phone=&#8221;&#8221; header_text_align_last_edited=&#8221;on|desktop&#8221; header_font_size_tablet=&#8221;&#8221; header_font_size_phone=&#8221;38px&#8221; header_font_size_last_edited=&#8221;on|phone&#8221; module_alignment=&#8221;center&#8221; text_orientation=&#8221;center&#8221; width_last_edited=&#8221;on|phone&#8221; width=&#8221;42%&#8221; width_tablet=&#8221;68%&#8221; custom_padding=&#8221;14px||14px||false|false&#8221;] O nas [\/et_pb_text][\/et_pb_column][\/et_pb_row][\/et_pb_section][et_pb_section fb_built=&#8221;1&#8243; _builder_version=&#8221;4.5.1&#8243; _module_preset=&#8221;default&#8221; use_background_color_gradient=&#8221;on&#8221; background_color_gradient_start=&#8221;#f8de7f&#8221; background_color_gradient_end=&#8221;#7a5617&#8243; custom_padding=&#8221;||8px|||&#8221;][et_pb_row _builder_version=&#8221;4.5.1&#8243; _module_preset=&#8221;default&#8221;][et_pb_column type=&#8221;4_4&#8243; _builder_version=&#8221;4.5.1&#8243; [&hellip;]<\/p>\n","protected":false},"author":1,"featured_media":0,"parent":0,"menu_order":1,"comment_status":"closed","ping_status":"closed","template":"","meta":{"_et_pb_use_builder":"on","_et_pb_old_content":"<!-- wp:divi\/placeholder \/-->","_et_gb_content_width":""},"_links":{"self":[{"href":"https:\/\/pvsolarinstal.pl\/index.php\/wp-json\/wp\/v2\/pages\/43"}],"collection":[{"href":"https:\/\/pvsolarinstal.pl\/index.php\/wp-json\/wp\/v2\/pages"}],"about":[{"href":"https:\/\/pvsolarinstal.pl\/index.php\/wp-json\/wp\/v2\/types\/page"}],"author":[{"embeddable":true,"href":"https:\/\/pvsolarinstal.pl\/index.php\/wp-json\/wp\/v2\/users\/1"}],"replies":[{"embeddable":true,"href":"https:\/\/pvsolarinstal.pl\/index.php\/wp-json\/wp\/v2\/comments?post=43"}],"version-history":[{"count":3,"href":"https:\/\/pvsolarinstal.pl\/index.php\/wp-json\/wp\/v2\/pages\/43\/revisions"}],"predecessor-version":[{"id":73,"href":"https:\/\/pvsolarinstal.pl\/index.php\/wp-json\/wp\/v2\/pages\/43\/revisions\/73"}],"wp:attachment":[{"href":"https:\/\/pvsolarinstal.pl\/index.php\/wp-json\/wp\/v2\/media?parent=43"}],"curies":[{"name":"wp","href":"https:\/\/api.w.org\/{rel}","templated":true}]}}