{"id":2,"date":"2020-07-16T09:46:23","date_gmt":"2020-07-16T09:46:23","guid":{"rendered":"http:\/\/pvsolarinstal.pl\/?page_id=2"},"modified":"2020-08-26T13:39:32","modified_gmt":"2020-08-26T13:39:32","slug":"sample-page","status":"publish","type":"page","link":"https:\/\/pvsolarinstal.pl\/","title":{"rendered":"PV Solar Instal"},"content":{"rendered":"<p>[et_pb_section fb_built=&#8221;1&#8243; _builder_version=&#8221;4.5.1&#8243; _module_preset=&#8221;default&#8221; background_image=&#8221;http:\/\/pvsolarinstal.pl\/wp-content\/uploads\/2020\/08\/bg-1.jpg&#8221; parallax=&#8221;on&#8221; custom_padding=&#8221;||291px|||&#8221; background_last_edited=&#8221;on|phone&#8221; parallax_tablet=&#8221;on&#8221; background_size_tablet=&#8221;cover&#8221; background_position_tablet=&#8221;center&#8221;][et_pb_row column_structure=&#8221;1_3,2_3&#8243; _builder_version=&#8221;4.5.1&#8243; _module_preset=&#8221;default&#8221;][et_pb_column type=&#8221;1_3&#8243; _builder_version=&#8221;4.5.1&#8243; _module_preset=&#8221;default&#8221;][et_pb_image src=&#8221;http:\/\/pvsolarinstal.pl\/wp-content\/uploads\/2020\/07\/logo.png&#8221; alt=&#8221;PV Solar Instal&#8221; title_text=&#8221;logo&#8221; align=&#8221;center&#8221; align_tablet=&#8221;&#8221; align_phone=&#8221;&#8221; align_last_edited=&#8221;on|phone&#8221; _builder_version=&#8221;4.5.1&#8243; _module_preset=&#8221;default&#8221;][\/et_pb_image][\/et_pb_column][et_pb_column type=&#8221;2_3&#8243; _builder_version=&#8221;4.5.1&#8243; _module_preset=&#8221;default&#8221;][et_pb_text _builder_version=&#8221;4.5.1&#8243; _module_preset=&#8221;default&#8221; text_text_color=&#8221;#ffffff&#8221; header_font=&#8221;|700|||||||&#8221; header_text_align=&#8221;left&#8221; header_text_color=&#8221;#ffffff&#8221; header_font_size=&#8221;53px&#8221; background_color=&#8221;rgba(0,64,99,0.79)&#8221; custom_margin=&#8221;|168px|||false|false&#8221; custom_margin_tablet=&#8221;|0px|||false|false&#8221; custom_margin_phone=&#8221;&#8221; custom_margin_last_edited=&#8221;on|desktop&#8221; custom_padding=&#8221;27px|0px|17px|34px|false|false&#8221; custom_padding_tablet=&#8221;&#8221; custom_padding_phone=&#8221;&#8221; custom_padding_last_edited=&#8221;on|desktop&#8221; header_text_align_tablet=&#8221;center&#8221; header_text_align_phone=&#8221;&#8221; header_text_align_last_edited=&#8221;on|desktop&#8221; header_font_size_tablet=&#8221;&#8221; header_font_size_phone=&#8221;38px&#8221; header_font_size_last_edited=&#8221;on|phone&#8221;]<\/p>\n<h1>FOTOWOLTAIKA<\/h1>\n<p>[\/et_pb_text][et_pb_text _builder_version=&#8221;4.5.1&#8243; _module_preset=&#8221;default&#8221; text_text_color=&#8221;#000000&#8243; header_text_align=&#8221;left&#8221; header_text_color=&#8221;#ffffff&#8221; header_font_size=&#8221;53px&#8221; background_enable_color=&#8221;off&#8221; custom_margin=&#8221;||||false|false&#8221; custom_margin_tablet=&#8221;|140px||140px|false|false&#8221; custom_margin_phone=&#8221;|70px||70px|false|false&#8221; custom_margin_last_edited=&#8221;on|desktop&#8221; custom_padding_tablet=&#8221;13px|0px|16px|0px|false|true&#8221; custom_padding_phone=&#8221;11px|0px|17px|0px|false|true&#8221; custom_padding_last_edited=&#8221;on|phone&#8221; background_color_tablet=&#8221;rgba(255,255,255,0.83)&#8221; background_last_edited=&#8221;on|desktop&#8221; background_enable_color_tablet=&#8221;on&#8221; text_orientation_tablet=&#8221;center&#8221; text_orientation_phone=&#8221;&#8221; text_orientation_last_edited=&#8221;on|desktop&#8221;]Zapraszamy do kontaktu:<br \/>\n<span class=\"et-pb-icon\" style=\"font-size: 20px;\">\ue076\u00a0<\/span>office@pvsolarinstal.pl[\/et_pb_text][\/et_pb_column][\/et_pb_row][\/et_pb_section][et_pb_section fb_built=&#8221;1&#8243; _builder_version=&#8221;4.5.1&#8243; _module_preset=&#8221;default&#8221; use_background_color_gradient=&#8221;on&#8221; background_color_gradient_start=&#8221;#f8de7f&#8221; background_color_gradient_end=&#8221;#7a5617&#8243; custom_padding=&#8221;||8px|||&#8221;][et_pb_row _builder_version=&#8221;4.5.1&#8243; _module_preset=&#8221;default&#8221;][et_pb_column type=&#8221;4_4&#8243; _builder_version=&#8221;4.5.1&#8243; _module_preset=&#8221;default&#8221;][et_pb_text _builder_version=&#8221;4.5.7&#8243; _module_preset=&#8221;default&#8221; header_font=&#8221;|700|||||||&#8221; header_text_color=&#8221;#ffffff&#8221; hover_enabled=&#8221;0&#8243; text_text_shadow_style=&#8221;preset3&#8243; text_text_shadow_vertical_length=&#8221;0.19em&#8221; text_text_shadow_blur_strength=&#8221;0.54em&#8221; text_text_shadow_color=&#8221;rgba(142,76,1,0.64)&#8221;]<\/p>\n<h1 style=\"text-align: center;\">PV SOLAR INSTAL &#8211; FOTOWOLTAIKA<\/h1>\n<p>[\/et_pb_text][\/et_pb_column][\/et_pb_row][et_pb_row column_structure=&#8221;1_2,1_2&#8243; _builder_version=&#8221;4.5.1&#8243; _module_preset=&#8221;default&#8221;][et_pb_column type=&#8221;1_2&#8243; _builder_version=&#8221;4.5.1&#8243; _module_preset=&#8221;default&#8221;][et_pb_text _builder_version=&#8221;4.5.1&#8243; _module_preset=&#8221;default&#8221; text_text_color=&#8221;#ffffff&#8221;]<\/p>\n<p><span size=\"3\" style=\"font-size: medium;\">Ci\u0105g\u0142e zamiany cen na rynku energii s\u0105 czynnikiem uniemo\u017cliwiaj\u0105cym planowanie koszt\u00f3w i wydajno\u015bci produkcji oraz utrzymania gospodarstw domowych. Podnoszenie cen ma wp\u0142yw na kiesze\u0144 ka\u017cdego z nas. Rosn\u0105ce rachunki \u201eza pr\u0105d\u201d obci\u0105\u017caj\u0105 coraz mocniej nasz bud\u017cet domowy, a w przypadku dzia\u0142alno\u015bci gospodarczej zmniejszaj\u0105 jej op\u0142acalno\u015b\u0107, zmuszaj\u0105 do podnoszenia cen produkt\u00f3w czy us\u0142ug, a co za tym idzie obni\u017caj\u0105 konkurencyjno\u015b\u0107 naszej firmy na rynku.<\/span><\/p>\n<p>[\/et_pb_text][\/et_pb_column][et_pb_column type=&#8221;1_2&#8243; _builder_version=&#8221;4.5.1&#8243; _module_preset=&#8221;default&#8221;][et_pb_image src=&#8221;https:\/\/pvsolarinstal.pl\/wp-content\/uploads\/2020\/08\/gal-3-1.jpg&#8221; _builder_version=&#8221;4.5.7&#8243; _module_preset=&#8221;default&#8221; title_text=&#8221;gal (3)&#8221; hover_enabled=&#8221;0&#8243;][\/et_pb_image][\/et_pb_column][\/et_pb_row][et_pb_row _builder_version=&#8221;4.5.7&#8243; _module_preset=&#8221;default&#8221;][et_pb_column _builder_version=&#8221;4.5.7&#8243; _module_preset=&#8221;default&#8221; type=&#8221;4_4&#8243;][et_pb_divider _builder_version=&#8221;4.5.7&#8243; _module_preset=&#8221;default&#8221; color=&#8221;#ffffff&#8221; hover_enabled=&#8221;0&#8243;][\/et_pb_divider][\/et_pb_column][\/et_pb_row][et_pb_row column_structure=&#8221;1_2,1_2&#8243; _builder_version=&#8221;4.5.1&#8243; _module_preset=&#8221;default&#8221;][et_pb_column type=&#8221;1_2&#8243; _builder_version=&#8221;4.5.1&#8243; _module_preset=&#8221;default&#8221;][et_pb_image src=&#8221;https:\/\/pvsolarinstal.pl\/wp-content\/uploads\/2020\/08\/gal-5.jpg&#8221; _builder_version=&#8221;4.5.7&#8243; _module_preset=&#8221;default&#8221; title_text=&#8221;gal (5)&#8221; hover_enabled=&#8221;0&#8243;][\/et_pb_image][\/et_pb_column][et_pb_column type=&#8221;1_2&#8243; _builder_version=&#8221;4.5.1&#8243; _module_preset=&#8221;default&#8221;][et_pb_text _builder_version=&#8221;4.5.1&#8243; _module_preset=&#8221;default&#8221; text_text_color=&#8221;#ffffff&#8221;]<\/p>\n<p><span size=\"3\" style=\"font-size: medium;\">Dzi\u0119ki szybkiemu rozwojowi rynku odnawialnych \u017ar\u00f3de\u0142 energii bardzo pr\u0119\u017cnie rozwin\u0119\u0142a si\u0119 dziedzina pozyskiwania energii ze s\u0142o\u0144ca. Fotowoltaika pozwala znacznie ograniczy\u0107 koszty pozyskiwania i zu\u017cycia energii elektrycznej, a to z kolei daje mo\u017cliwo\u015b\u0107 \u0142atwiejszego planowania koszt\u00f3w i oszcz\u0119dno\u015bci. W obliczu podnoszenia cen zar\u00f3wno dla klient\u00f3w indywidualnych, rolnik\u00f3w i firm, wychodzimy naprzeciw z nasz\u0105 ofert\u0105 pomocy.<\/span><\/p>\n<p>[\/et_pb_text][\/et_pb_column][\/et_pb_row][\/et_pb_section][et_pb_section fb_built=&#8221;1&#8243; _builder_version=&#8221;4.5.1&#8243; _module_preset=&#8221;default&#8221; custom_padding=&#8221;118px|||||&#8221; top_divider_style=&#8221;curve2&#8243; top_divider_color=&#8221;#7a5617&#8243;][et_pb_row _builder_version=&#8221;4.5.1&#8243; _module_preset=&#8221;default&#8221;][et_pb_column type=&#8221;4_4&#8243; _builder_version=&#8221;4.5.1&#8243; _module_preset=&#8221;default&#8221;][et_pb_text _builder_version=&#8221;4.5.1&#8243; _module_preset=&#8221;default&#8221; header_2_text_align=&#8221;center&#8221;]<\/p>\n<h2>Co oferujemy?<\/h2>\n<p>[\/et_pb_text][\/et_pb_column][\/et_pb_row][et_pb_row column_structure=&#8221;1_5,1_5,1_5,1_5,1_5&#8243; _builder_version=&#8221;4.5.1&#8243; _module_preset=&#8221;default&#8221;][et_pb_column type=&#8221;1_5&#8243; _builder_version=&#8221;4.5.1&#8243; _module_preset=&#8221;default&#8221;][et_pb_blurb image=&#8221;http:\/\/pvsolarinstal.pl\/wp-content\/uploads\/2020\/08\/1-cost.png&#8221; image_max_width=&#8221;46%&#8221; _builder_version=&#8221;4.5.1&#8243; _module_preset=&#8221;default&#8221; text_orientation=&#8221;center&#8221;]<\/p>\n<p>Zmniejszenie miesi\u0119cznych op\u0142at za zu\u017cycie energii elektrycznej<\/p>\n<p>[\/et_pb_blurb][\/et_pb_column][et_pb_column type=&#8221;1_5&#8243; _builder_version=&#8221;4.5.1&#8243; _module_preset=&#8221;default&#8221;][et_pb_blurb image=&#8221;http:\/\/pvsolarinstal.pl\/wp-content\/uploads\/2020\/08\/2-low.png&#8221; image_max_width=&#8221;46%&#8221; _builder_version=&#8221;4.5.1&#8243; _module_preset=&#8221;default&#8221; text_orientation=&#8221;center&#8221;]<\/p>\n<p>Zniwelowanie skutk\u00f3w zmian cen energii elektrycznej<\/p>\n<p>[\/et_pb_blurb][\/et_pb_column][et_pb_column type=&#8221;1_5&#8243; _builder_version=&#8221;4.5.1&#8243; _module_preset=&#8221;default&#8221;][et_pb_blurb image=&#8221;http:\/\/pvsolarinstal.pl\/wp-content\/uploads\/2020\/08\/3-plan.png&#8221; image_max_width=&#8221;46%&#8221; _builder_version=&#8221;4.5.1&#8243; _module_preset=&#8221;default&#8221; text_orientation=&#8221;center&#8221;]<\/p>\n<p>\u0141atwiejsze planowanie koszt\u00f3w dzia\u0142alno\u015bci<\/p>\n<p>[\/et_pb_blurb][\/et_pb_column][et_pb_column type=&#8221;1_5&#8243; _builder_version=&#8221;4.5.1&#8243; _module_preset=&#8221;default&#8221;][et_pb_blurb image=&#8221;http:\/\/pvsolarinstal.pl\/wp-content\/uploads\/2020\/08\/4-price.png&#8221; image_max_width=&#8221;46%&#8221; _builder_version=&#8221;4.5.1&#8243; _module_preset=&#8221;default&#8221; text_orientation=&#8221;center&#8221;]Zwi\u0119kszenie atrakcyjno\u015bci cenowej Pa\u0144stwa produkt\u00f3w czy us\u0142ug[\/et_pb_blurb][\/et_pb_column][et_pb_column type=&#8221;1_5&#8243; _builder_version=&#8221;4.5.1&#8243; _module_preset=&#8221;default&#8221;][et_pb_blurb image=&#8221;http:\/\/pvsolarinstal.pl\/wp-content\/uploads\/2020\/08\/5-co2.png&#8221; image_max_width=&#8221;46%&#8221; _builder_version=&#8221;4.5.1&#8243; _module_preset=&#8221;default&#8221; text_orientation=&#8221;center&#8221;]Udzia\u0142 w zmniejszeniu emisji dwutlenku w\u0119gla oraz py\u0142\u00f3w zawieszonych[\/et_pb_blurb][\/et_pb_column][\/et_pb_row][\/et_pb_section]<\/p>\n","protected":false},"excerpt":{"rendered":"<p>[et_pb_section fb_built=&#8221;1&#8243; _builder_version=&#8221;4.5.1&#8243; _module_preset=&#8221;default&#8221; background_image=&#8221;http:\/\/pvsolarinstal.pl\/wp-content\/uploads\/2020\/08\/bg-1.jpg&#8221; parallax=&#8221;on&#8221; custom_padding=&#8221;||291px|||&#8221; background_last_edited=&#8221;on|phone&#8221; parallax_tablet=&#8221;on&#8221; background_size_tablet=&#8221;cover&#8221; background_position_tablet=&#8221;center&#8221;][et_pb_row column_structure=&#8221;1_3,2_3&#8243; _builder_version=&#8221;4.5.1&#8243; _module_preset=&#8221;default&#8221;][et_pb_column type=&#8221;1_3&#8243; _builder_version=&#8221;4.5.1&#8243; _module_preset=&#8221;default&#8221;][et_pb_image src=&#8221;http:\/\/pvsolarinstal.pl\/wp-content\/uploads\/2020\/07\/logo.png&#8221; alt=&#8221;PV Solar Instal&#8221; title_text=&#8221;logo&#8221; align=&#8221;center&#8221; align_tablet=&#8221;&#8221; align_phone=&#8221;&#8221; align_last_edited=&#8221;on|phone&#8221; _builder_version=&#8221;4.5.1&#8243; _module_preset=&#8221;default&#8221;][\/et_pb_image][\/et_pb_column][et_pb_column type=&#8221;2_3&#8243; _builder_version=&#8221;4.5.1&#8243; _module_preset=&#8221;default&#8221;][et_pb_text _builder_version=&#8221;4.5.1&#8243; _module_preset=&#8221;default&#8221; text_text_color=&#8221;#ffffff&#8221; header_font=&#8221;|700|||||||&#8221; header_text_align=&#8221;left&#8221; header_text_color=&#8221;#ffffff&#8221; header_font_size=&#8221;53px&#8221; background_color=&#8221;rgba(0,64,99,0.79)&#8221; custom_margin=&#8221;|168px|||false|false&#8221; custom_margin_tablet=&#8221;|0px|||false|false&#8221; custom_margin_phone=&#8221;&#8221; custom_margin_last_edited=&#8221;on|desktop&#8221; custom_padding=&#8221;27px|0px|17px|34px|false|false&#8221; custom_padding_tablet=&#8221;&#8221; custom_padding_phone=&#8221;&#8221; custom_padding_last_edited=&#8221;on|desktop&#8221; header_text_align_tablet=&#8221;center&#8221; header_text_align_phone=&#8221;&#8221; header_text_align_last_edited=&#8221;on|desktop&#8221; header_font_size_tablet=&#8221;&#8221; header_font_size_phone=&#8221;38px&#8221; header_font_size_last_edited=&#8221;on|phone&#8221;] FOTOWOLTAIKA [\/et_pb_text][et_pb_text [&hellip;]<\/p>\n","protected":false},"author":1,"featured_media":0,"parent":0,"menu_order":0,"comment_status":"closed","ping_status":"closed","template":"","meta":{"_et_pb_use_builder":"on","_et_pb_old_content":"<!-- wp:paragraph -->\n<p>This is an example page. It's different from a blog post because it will stay in one place and will show up in your site navigation (in most themes). Most people start with an About page that introduces them to potential site visitors. It might say something like this:<\/p>\n<!-- \/wp:paragraph -->\n\n<!-- wp:quote -->\n<blockquote class=\"wp-block-quote\"><p>Hi there! I'm a bike messenger by day, aspiring actor by night, and this is my website. I live in Los Angeles, have a great dog named Jack, and I like pi\u00f1a coladas. (And gettin' caught in the rain.)<\/p><\/blockquote>\n<!-- \/wp:quote -->\n\n<!-- wp:paragraph -->\n<p>...or something like this:<\/p>\n<!-- \/wp:paragraph -->\n\n<!-- wp:quote -->\n<blockquote class=\"wp-block-quote\"><p>The XYZ Doohickey Company was founded in 1971, and has been providing quality doohickeys to the public ever since. Located in Gotham City, XYZ employs over 2,000 people and does all kinds of awesome things for the Gotham community.<\/p><\/blockquote>\n<!-- \/wp:quote -->\n\n<!-- wp:paragraph -->\n<p>As a new WordPress user, you should go to <a href=\"http:\/\/pvsolarinstal.pl\/wp-admin\/\">your dashboard<\/a> to delete this page and create new pages for your content. Have fun!<\/p>\n<!-- \/wp:paragraph -->","_et_gb_content_width":""},"_links":{"self":[{"href":"https:\/\/pvsolarinstal.pl\/index.php\/wp-json\/wp\/v2\/pages\/2"}],"collection":[{"href":"https:\/\/pvsolarinstal.pl\/index.php\/wp-json\/wp\/v2\/pages"}],"about":[{"href":"https:\/\/pvsolarinstal.pl\/index.php\/wp-json\/wp\/v2\/types\/page"}],"author":[{"embeddable":true,"href":"https:\/\/pvsolarinstal.pl\/index.php\/wp-json\/wp\/v2\/users\/1"}],"replies":[{"embeddable":true,"href":"https:\/\/pvsolarinstal.pl\/index.php\/wp-json\/wp\/v2\/comments?post=2"}],"version-history":[{"count":12,"href":"https:\/\/pvsolarinstal.pl\/index.php\/wp-json\/wp\/v2\/pages\/2\/revisions"}],"predecessor-version":[{"id":107,"href":"https:\/\/pvsolarinstal.pl\/index.php\/wp-json\/wp\/v2\/pages\/2\/revisions\/107"}],"wp:attachment":[{"href":"https:\/\/pvsolarinstal.pl\/index.php\/wp-json\/wp\/v2\/media?parent=2"}],"curies":[{"name":"wp","href":"https:\/\/api.w.org\/{rel}","templated":true}]}}